{"id":74,"date":"2019-12-06T15:08:22","date_gmt":"2019-12-06T14:08:22","guid":{"rendered":"https:\/\/www.xn--terminsprver-3jb.dk\/?page_id=74"},"modified":"2020-12-08T11:23:33","modified_gmt":"2020-12-08T10:23:33","slug":"skolen-paa-nyelandsvej","status":"publish","type":"page","link":"https:\/\/xn--terminsprver-3jb.dk\/index.php\/skolen-paa-nyelandsvej\/","title":{"rendered":"Skolen p\u00e5 Nyelandsvej"},"content":{"rendered":"\n<p><a href=\"http:\/\/xn--terminsprver-3jb.dk\/index.php\/dansk-skolen-paa-nyelandsvej\/\" data-type=\"page\" data-id=\"167\">Dansk &#8211; Skolen p\u00e5 Nyelandsvej<\/a><\/p>\n\n\n\n<div class=\"wp-block-group\"><div class=\"wp-block-group__inner-container is-layout-flow wp-block-group-is-layout-flow\">\n<div class=\"wp-block-group\"><div class=\"wp-block-group__inner-container is-layout-flow wp-block-group-is-layout-flow\">\n<p><a href=\"http:\/\/xn--terminsprver-3jb.dk\/index.php\/matematik-skolen-paa-nyelandsvej\/\" data-type=\"page\" data-id=\"172\">Matematik &#8211; Skolen p\u00e5 Nyelandsvej<\/a><\/p>\n\n\n\n<p><a href=\"http:\/\/xn--terminsprver-3jb.dk\/index.php\/engelsk-skolen-paa-nyelandsvej\/\" data-type=\"page\" data-id=\"174\">Engelsk &#8211; Skolen p\u00e5 Nyelandsvej<\/a><\/p>\n\n\n\n<p><\/p>\n<\/div><\/div>\n\n\n\n<p><\/p>\n<\/div><\/div>\n\n\n\n<p><\/p>\n","protected":false},"excerpt":{"rendered":"<p>Dansk &#8211; Skolen p\u00e5 Nyelandsvej Matematik &#8211; Skolen p\u00e5 Nyelandsvej Engelsk &#8211; Skolen p\u00e5 Nyelandsvej<\/p>\n","protected":false},"author":1,"featured_media":0,"parent":0,"menu_order":0,"comment_status":"closed","ping_status":"closed","template":"","meta":{"footnotes":""},"class_list":["post-74","page","type-page","status-publish","hentry"],"_links":{"self":[{"href":"https:\/\/xn--terminsprver-3jb.dk\/index.php\/wp-json\/wp\/v2\/pages\/74"}],"collection":[{"href":"https:\/\/xn--terminsprver-3jb.dk\/index.php\/wp-json\/wp\/v2\/pages"}],"about":[{"href":"https:\/\/xn--terminsprver-3jb.dk\/index.php\/wp-json\/wp\/v2\/types\/page"}],"author":[{"embeddable":true,"href":"https:\/\/xn--terminsprver-3jb.dk\/index.php\/wp-json\/wp\/v2\/users\/1"}],"replies":[{"embeddable":true,"href":"https:\/\/xn--terminsprver-3jb.dk\/index.php\/wp-json\/wp\/v2\/comments?post=74"}],"version-history":[{"count":27,"href":"https:\/\/xn--terminsprver-3jb.dk\/index.php\/wp-json\/wp\/v2\/pages\/74\/revisions"}],"predecessor-version":[{"id":176,"href":"https:\/\/xn--terminsprver-3jb.dk\/index.php\/wp-json\/wp\/v2\/pages\/74\/revisions\/176"}],"wp:attachment":[{"href":"https:\/\/xn--terminsprver-3jb.dk\/index.php\/wp-json\/wp\/v2\/media?parent=74"}],"curies":[{"name":"wp","href":"https:\/\/api.w.org\/{rel}","templated":true}]}}