{"id":2,"date":"2019-11-25T13:39:49","date_gmt":"2019-11-25T12:39:49","guid":{"rendered":"http:\/\/www.xn--terminsprver-3jb.dk\/?page_id=2"},"modified":"2020-11-27T13:42:51","modified_gmt":"2020-11-27T12:42:51","slug":"eksempel-side","status":"publish","type":"page","link":"https:\/\/xn--terminsprver-3jb.dk\/","title":{"rendered":"Forside"},"content":{"rendered":"\n<p class=\"has-large-font-size\">Velkommen til Terminspr\u00f8ver.dk<\/p>\n\n\n\n<p class=\"has-large-font-size\">Afholdelse af terminspr\u00f8ver FRB, v\u00e6lg skole og derefter fag<\/p>\n\n\n\n<figure class=\"wp-block-image size-large\"><img loading=\"lazy\" decoding=\"async\" width=\"1024\" height=\"768\" src=\"http:\/\/xn--terminsprver-3jb.dk\/wp-content\/uploads\/2019\/11\/IMG_0505-1-1024x768.jpg\" alt=\"\" class=\"wp-image-20\" srcset=\"https:\/\/xn--terminsprver-3jb.dk\/wp-content\/uploads\/2019\/11\/IMG_0505-1-1024x768.jpg 1024w, https:\/\/xn--terminsprver-3jb.dk\/wp-content\/uploads\/2019\/11\/IMG_0505-1-300x225.jpg 300w, https:\/\/xn--terminsprver-3jb.dk\/wp-content\/uploads\/2019\/11\/IMG_0505-1-768x576.jpg 768w, https:\/\/xn--terminsprver-3jb.dk\/wp-content\/uploads\/2019\/11\/IMG_0505-1-1536x1152.jpg 1536w, https:\/\/xn--terminsprver-3jb.dk\/wp-content\/uploads\/2019\/11\/IMG_0505-1-2048x1536.jpg 2048w\" sizes=\"(max-width: 1024px) 100vw, 1024px\" \/><\/figure>\n\n\n\n<p><\/p>\n","protected":false},"excerpt":{"rendered":"<p>Velkommen til Terminspr\u00f8ver.dk Afholdelse af terminspr\u00f8ver FRB, v\u00e6lg skole og derefter fag<\/p>\n","protected":false},"author":1,"featured_media":0,"parent":0,"menu_order":0,"comment_status":"closed","ping_status":"open","template":"","meta":{"footnotes":""},"class_list":["post-2","page","type-page","status-publish","hentry"],"_links":{"self":[{"href":"https:\/\/xn--terminsprver-3jb.dk\/index.php\/wp-json\/wp\/v2\/pages\/2"}],"collection":[{"href":"https:\/\/xn--terminsprver-3jb.dk\/index.php\/wp-json\/wp\/v2\/pages"}],"about":[{"href":"https:\/\/xn--terminsprver-3jb.dk\/index.php\/wp-json\/wp\/v2\/types\/page"}],"author":[{"embeddable":true,"href":"https:\/\/xn--terminsprver-3jb.dk\/index.php\/wp-json\/wp\/v2\/users\/1"}],"replies":[{"embeddable":true,"href":"https:\/\/xn--terminsprver-3jb.dk\/index.php\/wp-json\/wp\/v2\/comments?post=2"}],"version-history":[{"count":12,"href":"https:\/\/xn--terminsprver-3jb.dk\/index.php\/wp-json\/wp\/v2\/pages\/2\/revisions"}],"predecessor-version":[{"id":165,"href":"https:\/\/xn--terminsprver-3jb.dk\/index.php\/wp-json\/wp\/v2\/pages\/2\/revisions\/165"}],"wp:attachment":[{"href":"https:\/\/xn--terminsprver-3jb.dk\/index.php\/wp-json\/wp\/v2\/media?parent=2"}],"curies":[{"name":"wp","href":"https:\/\/api.w.org\/{rel}","templated":true}]}}