{"id":187,"date":"2021-04-09T15:21:35","date_gmt":"2021-04-09T13:21:35","guid":{"rendered":"https:\/\/www.xn--terminsprver-3jb.dk\/?page_id=187"},"modified":"2021-04-09T15:23:56","modified_gmt":"2021-04-09T13:23:56","slug":"skolen-paa-la-cours-vej","status":"publish","type":"page","link":"https:\/\/xn--terminsprver-3jb.dk\/index.php\/skolen-paa-la-cours-vej\/","title":{"rendered":"Skolen p\u00e5 La Cours Vej"},"content":{"rendered":"\n<p><a href=\"https:\/\/www.terminspr\u00f8ver.dk\/index.php\/dansk-skolen-paa-la-cours-vej\/\">Dansk &#8211; Skolen p\u00e5 La Cours Vej<\/a><\/p>\n\n\n\n<p>Matematik &#8211; Skolen p\u00e5 La Cours Vej<\/p>\n\n\n\n<p>Engelsk &#8211; Skolen p\u00e5 La Cours Vej<\/p>\n","protected":false},"excerpt":{"rendered":"<p>Dansk &#8211; Skolen p\u00e5 La Cours Vej Matematik &#8211; Skolen p\u00e5 La Cours Vej Engelsk &#8211; Skolen p\u00e5 La Cours Vej<\/p>\n","protected":false},"author":1,"featured_media":0,"parent":0,"menu_order":0,"comment_status":"closed","ping_status":"closed","template":"","meta":{"footnotes":""},"class_list":["post-187","page","type-page","status-publish","hentry"],"_links":{"self":[{"href":"https:\/\/xn--terminsprver-3jb.dk\/index.php\/wp-json\/wp\/v2\/pages\/187"}],"collection":[{"href":"https:\/\/xn--terminsprver-3jb.dk\/index.php\/wp-json\/wp\/v2\/pages"}],"about":[{"href":"https:\/\/xn--terminsprver-3jb.dk\/index.php\/wp-json\/wp\/v2\/types\/page"}],"author":[{"embeddable":true,"href":"https:\/\/xn--terminsprver-3jb.dk\/index.php\/wp-json\/wp\/v2\/users\/1"}],"replies":[{"embeddable":true,"href":"https:\/\/xn--terminsprver-3jb.dk\/index.php\/wp-json\/wp\/v2\/comments?post=187"}],"version-history":[{"count":2,"href":"https:\/\/xn--terminsprver-3jb.dk\/index.php\/wp-json\/wp\/v2\/pages\/187\/revisions"}],"predecessor-version":[{"id":193,"href":"https:\/\/xn--terminsprver-3jb.dk\/index.php\/wp-json\/wp\/v2\/pages\/187\/revisions\/193"}],"wp:attachment":[{"href":"https:\/\/xn--terminsprver-3jb.dk\/index.php\/wp-json\/wp\/v2\/media?parent=187"}],"curies":[{"name":"wp","href":"https:\/\/api.w.org\/{rel}","templated":true}]}}