{"id":174,"date":"2020-12-08T11:21:27","date_gmt":"2020-12-08T10:21:27","guid":{"rendered":"https:\/\/www.xn--terminsprver-3jb.dk\/?page_id=174"},"modified":"2020-12-08T11:51:03","modified_gmt":"2020-12-08T10:51:03","slug":"engelsk-skolen-paa-nyelandsvej","status":"publish","type":"page","link":"https:\/\/xn--terminsprver-3jb.dk\/index.php\/engelsk-skolen-paa-nyelandsvej\/","title":{"rendered":"Engelsk &#8211; Skolen p\u00e5 Nyelandsvej"},"content":{"rendered":"\n<p><a href=\"http:\/\/xn--terminsprver-3jb.dk\/skoler\/skolenp\u00e5nyelandsvej\/engelsk\/opgaveh\u00e6fteengelskdel1.pdf\" target=\"_blank\" rel=\"noreferrer noopener\">Opgaveh\u00e6fte engelsk del 1<\/a><\/p>\n\n\n\n<p><a href=\"http:\/\/xn--terminsprver-3jb.dk\/skoler\/skolenp\u00e5nyelandsvej\/engelsk\/opgaveh\u00e6fteengelskdel2.pdf\" target=\"_blank\" rel=\"noreferrer noopener\">Opgaveh\u00e6fte engelsk del 2<\/a><\/p>\n\n\n\n<p><a href=\"http:\/\/xn--terminsprver-3jb.dk\/skoler\/skolenp\u00e5nyelandsvej\/engelsk\/teksth\u00e6fteengelsk.pdf\" target=\"_blank\" rel=\"noreferrer noopener\">Teksth\u00e6fte engelsk<\/a><\/p>\n\n\n\n<figure class=\"wp-block-image size-large is-resized\"><img loading=\"lazy\" decoding=\"async\" src=\"http:\/\/xn--terminsprver-3jb.dk\/wp-content\/uploads\/2019\/11\/Engelsk-Flag.jpg\" alt=\"\" class=\"wp-image-57\" width=\"508\" height=\"254\" srcset=\"https:\/\/xn--terminsprver-3jb.dk\/wp-content\/uploads\/2019\/11\/Engelsk-Flag.jpg 728w, https:\/\/xn--terminsprver-3jb.dk\/wp-content\/uploads\/2019\/11\/Engelsk-Flag-300x150.jpg 300w\" sizes=\"(max-width: 508px) 100vw, 508px\" \/><\/figure>\n","protected":false},"excerpt":{"rendered":"<p>Opgaveh\u00e6fte engelsk del 1 Opgaveh\u00e6fte engelsk del 2 Teksth\u00e6fte engelsk<\/p>\n","protected":false},"author":1,"featured_media":0,"parent":0,"menu_order":0,"comment_status":"closed","ping_status":"closed","template":"","meta":{"footnotes":""},"class_list":["post-174","page","type-page","status-publish","hentry"],"_links":{"self":[{"href":"https:\/\/xn--terminsprver-3jb.dk\/index.php\/wp-json\/wp\/v2\/pages\/174"}],"collection":[{"href":"https:\/\/xn--terminsprver-3jb.dk\/index.php\/wp-json\/wp\/v2\/pages"}],"about":[{"href":"https:\/\/xn--terminsprver-3jb.dk\/index.php\/wp-json\/wp\/v2\/types\/page"}],"author":[{"embeddable":true,"href":"https:\/\/xn--terminsprver-3jb.dk\/index.php\/wp-json\/wp\/v2\/users\/1"}],"replies":[{"embeddable":true,"href":"https:\/\/xn--terminsprver-3jb.dk\/index.php\/wp-json\/wp\/v2\/comments?post=174"}],"version-history":[{"count":3,"href":"https:\/\/xn--terminsprver-3jb.dk\/index.php\/wp-json\/wp\/v2\/pages\/174\/revisions"}],"predecessor-version":[{"id":184,"href":"https:\/\/xn--terminsprver-3jb.dk\/index.php\/wp-json\/wp\/v2\/pages\/174\/revisions\/184"}],"wp:attachment":[{"href":"https:\/\/xn--terminsprver-3jb.dk\/index.php\/wp-json\/wp\/v2\/media?parent=174"}],"curies":[{"name":"wp","href":"https:\/\/api.w.org\/{rel}","templated":true}]}}