{"id":162,"date":"2020-11-27T13:16:45","date_gmt":"2020-11-27T12:16:45","guid":{"rendered":"https:\/\/www.xn--terminsprver-3jb.dk\/?page_id=162"},"modified":"2020-11-27T13:16:45","modified_gmt":"2020-11-27T12:16:45","slug":"engelsk-skolen-ved-soeerne","status":"publish","type":"page","link":"https:\/\/xn--terminsprver-3jb.dk\/index.php\/engelsk-skolen-ved-soeerne\/","title":{"rendered":"Engelsk &#8211; Skolen ved S\u00f8erne"},"content":{"rendered":"\n<p><a href=\"http:\/\/xn--terminsprver-3jb.dk\/skoler\/skolenveds\u00f8erne\/engelsk\/opgaveh\u00e6fteengelskdel1.pdf\">Opgaveh\u00e6fte engelsk del 1<\/a><\/p>\n\n\n\n<p><a href=\"http:\/\/xn--terminsprver-3jb.dk\/skoler\/skolenveds\u00f8erne\/engelsk\/opgaveh\u00e6fteengelskdel2.pdf\">Opgaveh\u00e6fte engelsk del 2<\/a><\/p>\n\n\n\n<p><a href=\"http:\/\/xn--terminsprver-3jb.dk\/skoler\/skolenveds\u00f8erne\/engelsk\/teksth\u00e6fteengelsk.pdf\">Teksth\u00e6fte engelsk<\/a><\/p>\n\n\n\n<figure class=\"wp-block-image size-large\"><img loading=\"lazy\" decoding=\"async\" width=\"728\" height=\"364\" src=\"http:\/\/xn--terminsprver-3jb.dk\/wp-content\/uploads\/2019\/11\/Engelsk-Flag.jpg\" alt=\"\" class=\"wp-image-57\" srcset=\"https:\/\/xn--terminsprver-3jb.dk\/wp-content\/uploads\/2019\/11\/Engelsk-Flag.jpg 728w, https:\/\/xn--terminsprver-3jb.dk\/wp-content\/uploads\/2019\/11\/Engelsk-Flag-300x150.jpg 300w\" sizes=\"(max-width: 728px) 100vw, 728px\" \/><\/figure>\n","protected":false},"excerpt":{"rendered":"<p>Opgaveh\u00e6fte engelsk del 1 Opgaveh\u00e6fte engelsk del 2 Teksth\u00e6fte engelsk<\/p>\n","protected":false},"author":1,"featured_media":0,"parent":0,"menu_order":0,"comment_status":"closed","ping_status":"closed","template":"","meta":{"footnotes":""},"class_list":["post-162","page","type-page","status-publish","hentry"],"_links":{"self":[{"href":"https:\/\/xn--terminsprver-3jb.dk\/index.php\/wp-json\/wp\/v2\/pages\/162"}],"collection":[{"href":"https:\/\/xn--terminsprver-3jb.dk\/index.php\/wp-json\/wp\/v2\/pages"}],"about":[{"href":"https:\/\/xn--terminsprver-3jb.dk\/index.php\/wp-json\/wp\/v2\/types\/page"}],"author":[{"embeddable":true,"href":"https:\/\/xn--terminsprver-3jb.dk\/index.php\/wp-json\/wp\/v2\/users\/1"}],"replies":[{"embeddable":true,"href":"https:\/\/xn--terminsprver-3jb.dk\/index.php\/wp-json\/wp\/v2\/comments?post=162"}],"version-history":[{"count":1,"href":"https:\/\/xn--terminsprver-3jb.dk\/index.php\/wp-json\/wp\/v2\/pages\/162\/revisions"}],"predecessor-version":[{"id":163,"href":"https:\/\/xn--terminsprver-3jb.dk\/index.php\/wp-json\/wp\/v2\/pages\/162\/revisions\/163"}],"wp:attachment":[{"href":"https:\/\/xn--terminsprver-3jb.dk\/index.php\/wp-json\/wp\/v2\/media?parent=162"}],"curies":[{"name":"wp","href":"https:\/\/api.w.org\/{rel}","templated":true}]}}