{"id":156,"date":"2020-11-27T12:55:19","date_gmt":"2020-11-27T11:55:19","guid":{"rendered":"https:\/\/www.xn--terminsprver-3jb.dk\/?page_id=156"},"modified":"2020-11-27T13:19:30","modified_gmt":"2020-11-27T12:19:30","slug":"skolen-ved-soeerne","status":"publish","type":"page","link":"https:\/\/xn--terminsprver-3jb.dk\/index.php\/skolen-ved-soeerne\/","title":{"rendered":"Skolen ved S\u00f8erne"},"content":{"rendered":"\n<p><a href=\"http:\/\/xn--terminsprver-3jb.dk\/index.php\/dansk-skolen-ved-soeerne\/\" data-type=\"page\" data-id=\"148\">Dansk &#8211; Skolen ved S\u00f8erne<\/a><\/p>\n\n\n\n<p><a href=\"http:\/\/xn--terminsprver-3jb.dk\/index.php\/matematik-skolen-ved-soeerne\/\" data-type=\"page\" data-id=\"158\">Matematik &#8211; Skolen ved S\u00f8erne<\/a><\/p>\n\n\n\n<p><a href=\"http:\/\/xn--terminsprver-3jb.dk\/index.php\/engelsk-skolen-ved-soeerne\/\" data-type=\"page\" data-id=\"162\">Engelsk &#8211; Skolen ved S\u00f8erne<\/a><\/p>\n\n\n\n<p><\/p>\n\n\n\n<p><\/p>\n","protected":false},"excerpt":{"rendered":"<p>Dansk &#8211; Skolen ved S\u00f8erne Matematik &#8211; Skolen ved S\u00f8erne Engelsk &#8211; Skolen ved S\u00f8erne<\/p>\n","protected":false},"author":1,"featured_media":0,"parent":0,"menu_order":0,"comment_status":"closed","ping_status":"closed","template":"","meta":{"footnotes":""},"class_list":["post-156","page","type-page","status-publish","hentry"],"_links":{"self":[{"href":"https:\/\/xn--terminsprver-3jb.dk\/index.php\/wp-json\/wp\/v2\/pages\/156"}],"collection":[{"href":"https:\/\/xn--terminsprver-3jb.dk\/index.php\/wp-json\/wp\/v2\/pages"}],"about":[{"href":"https:\/\/xn--terminsprver-3jb.dk\/index.php\/wp-json\/wp\/v2\/types\/page"}],"author":[{"embeddable":true,"href":"https:\/\/xn--terminsprver-3jb.dk\/index.php\/wp-json\/wp\/v2\/users\/1"}],"replies":[{"embeddable":true,"href":"https:\/\/xn--terminsprver-3jb.dk\/index.php\/wp-json\/wp\/v2\/comments?post=156"}],"version-history":[{"count":3,"href":"https:\/\/xn--terminsprver-3jb.dk\/index.php\/wp-json\/wp\/v2\/pages\/156\/revisions"}],"predecessor-version":[{"id":164,"href":"https:\/\/xn--terminsprver-3jb.dk\/index.php\/wp-json\/wp\/v2\/pages\/156\/revisions\/164"}],"wp:attachment":[{"href":"https:\/\/xn--terminsprver-3jb.dk\/index.php\/wp-json\/wp\/v2\/media?parent=156"}],"curies":[{"name":"wp","href":"https:\/\/api.w.org\/{rel}","templated":true}]}}